{"id":10262,"date":"2026-04-09T10:28:57","date_gmt":"2026-04-09T02:28:57","guid":{"rendered":"https:\/\/www.lasetatights.com\/?post_type=product&#038;p=10262"},"modified":"2026-04-15T09:37:04","modified_gmt":"2026-04-15T01:37:04","slug":"30d-heart-print-knee-high-pantyhose","status":"publish","type":"product","link":"https:\/\/www.lasetatights.com\/es\/product\/30d-heart-print-knee-high-pantyhose\/","title":{"rendered":"30D Coraz\u00f3n-impresi\u00f3n rodilla-alta calcet\u00edn"},"content":{"rendered":"","protected":false},"excerpt":{"rendered":"<p>Con una delicada impresi\u00f3n card\u00edaca y un dise\u00f1o translucente a opaco, estas medias 30D son la mezcla perfecta de dulce y bordeado. Si usted&#8217; re canalizar su interior &#8216; chica suave&#8217; o a\u00f1adiendo un toque juguet\u00f3n a un outfit nocturno, estas medias se mantienen perfectamente en su lugar mientras giran la cabeza. &#8221;<\/p>","protected":false},"featured_media":10264,"comment_status":"closed","ping_status":"closed","template":"","meta":[],"product_brand":[],"product_cat":[15,40],"product_tag":[],"class_list":{"0":"post-10262","1":"product","2":"type-product","3":"status-publish","4":"has-post-thumbnail","6":"product_cat-pantyhose","7":"product_cat-patterned-tights","9":"first","10":"instock","11":"shipping-taxable","12":"purchasable","13":"product-type-variable"},"_links":{"self":[{"href":"https:\/\/www.lasetatights.com\/es\/wp-json\/wp\/v2\/product\/10262","targetHints":{"allow":["GET"]}}],"collection":[{"href":"https:\/\/www.lasetatights.com\/es\/wp-json\/wp\/v2\/product"}],"about":[{"href":"https:\/\/www.lasetatights.com\/es\/wp-json\/wp\/v2\/types\/product"}],"replies":[{"embeddable":true,"href":"https:\/\/www.lasetatights.com\/es\/wp-json\/wp\/v2\/comments?post=10262"}],"wp:featuredmedia":[{"embeddable":true,"href":"https:\/\/www.lasetatights.com\/es\/wp-json\/wp\/v2\/media\/10264"}],"wp:attachment":[{"href":"https:\/\/www.lasetatights.com\/es\/wp-json\/wp\/v2\/media?parent=10262"}],"wp:term":[{"taxonomy":"product_brand","embeddable":true,"href":"https:\/\/www.lasetatights.com\/es\/wp-json\/wp\/v2\/product_brand?post=10262"},{"taxonomy":"product_cat","embeddable":true,"href":"https:\/\/www.lasetatights.com\/es\/wp-json\/wp\/v2\/product_cat?post=10262"},{"taxonomy":"product_tag","embeddable":true,"href":"https:\/\/www.lasetatights.com\/es\/wp-json\/wp\/v2\/product_tag?post=10262"}],"curies":[{"name":"wp","href":"https:\/\/api.w.org\/{rel}","templated":true}]}}