{"id":9965,"date":"2026-01-28T10:36:35","date_gmt":"2026-01-28T02:36:35","guid":{"rendered":"https:\/\/www.lasetatights.com\/?post_type=product&#038;p=9965"},"modified":"2026-01-29T09:31:17","modified_gmt":"2026-01-29T01:31:17","slug":"36282-20d-sexy-t-crotch-v-shape-faux-mid-calf-design-pantyhose","status":"publish","type":"product","link":"https:\/\/www.lasetatights.com\/de\/product\/36282-20d-sexy-t-crotch-v-shape-faux-mid-calf-design-pantyhose\/","title":{"rendered":"36282-20D Sexy T-Crotch V Form Faux Mid-Calf Design Strumpfhose"},"content":{"rendered":"","protected":false},"excerpt":{"rendered":"<p>Diese Strumpfhose aus hochdichtem Kernspinnfarn verf\u00fcgen \u00fcber eine ausgezeichnete Schnappbest\u00e4ndigkeit und ein dreidimensionales Jacquardmuster. Der verst\u00e4rkte dreieckige Zwischenbereich erh\u00f6ht die Haltbarkeit, und sie k\u00f6nnen mit R\u00f6cken oder Hosen gepaart werden, um einen einzigartigen Stil f\u00fcr t\u00e4gliche Pendeln, Termine oder Versammlungen zu erreichen.<\/p>","protected":false},"featured_media":9970,"comment_status":"open","ping_status":"closed","template":"","meta":[],"product_brand":[],"product_cat":[15,30],"product_tag":[],"class_list":{"0":"post-9965","1":"product","2":"type-product","3":"status-publish","4":"has-post-thumbnail","6":"product_cat-pantyhose","7":"product_cat-5-20denier-pantyhose","9":"first","10":"instock","11":"shipping-taxable","12":"purchasable","13":"product-type-variable"},"_links":{"self":[{"href":"https:\/\/www.lasetatights.com\/de\/wp-json\/wp\/v2\/product\/9965","targetHints":{"allow":["GET"]}}],"collection":[{"href":"https:\/\/www.lasetatights.com\/de\/wp-json\/wp\/v2\/product"}],"about":[{"href":"https:\/\/www.lasetatights.com\/de\/wp-json\/wp\/v2\/types\/product"}],"replies":[{"embeddable":true,"href":"https:\/\/www.lasetatights.com\/de\/wp-json\/wp\/v2\/comments?post=9965"}],"wp:featuredmedia":[{"embeddable":true,"href":"https:\/\/www.lasetatights.com\/de\/wp-json\/wp\/v2\/media\/9970"}],"wp:attachment":[{"href":"https:\/\/www.lasetatights.com\/de\/wp-json\/wp\/v2\/media?parent=9965"}],"wp:term":[{"taxonomy":"product_brand","embeddable":true,"href":"https:\/\/www.lasetatights.com\/de\/wp-json\/wp\/v2\/product_brand?post=9965"},{"taxonomy":"product_cat","embeddable":true,"href":"https:\/\/www.lasetatights.com\/de\/wp-json\/wp\/v2\/product_cat?post=9965"},{"taxonomy":"product_tag","embeddable":true,"href":"https:\/\/www.lasetatights.com\/de\/wp-json\/wp\/v2\/product_tag?post=9965"}],"curies":[{"name":"wp","href":"https:\/\/api.w.org\/{rel}","templated":true}]}}