{"id":9909,"date":"2026-01-28T10:15:31","date_gmt":"2026-01-28T02:15:31","guid":{"rendered":"https:\/\/www.lasetatights.com\/?post_type=product&#038;p=9909"},"modified":"2026-01-29T09:36:51","modified_gmt":"2026-01-29T01:36:51","slug":"36108-20d-polka-dot-bow-back-seam-diamond-jacquard-patterned-tights","status":"publish","type":"product","link":"https:\/\/www.lasetatights.com\/de\/product\/36108-20d-polka-dot-bow-back-seam-diamond-jacquard-patterned-tights\/","title":{"rendered":"36108- 20D Polka Dot Bow Back Naht Diamant Jacquard Muster Strumpfhose"},"content":{"rendered":"","protected":false},"excerpt":{"rendered":"<p>Dies ist ein Statement-St\u00fcck, das S\u00fc\u00dfe, Raffinesse und Funkel zum Extrem bringt.  It&#8217; Es ist nicht f\u00fcr den Alltag gedacht, sondern eher f\u00fcr besondere Highlightmomente \u2013 Geburtstagsfeste, Themenballs, Musikfestivals und dergleichen \u2013 das absolute Zentrum der Aufmerksamkeit zu werden.<\/p>","protected":false},"featured_media":9912,"comment_status":"open","ping_status":"closed","template":"","meta":[],"product_brand":[],"product_cat":[15,40],"product_tag":[],"class_list":{"0":"post-9909","1":"product","2":"type-product","3":"status-publish","4":"has-post-thumbnail","6":"product_cat-pantyhose","7":"product_cat-patterned-tights","9":"first","10":"instock","11":"shipping-taxable","12":"purchasable","13":"product-type-variable"},"_links":{"self":[{"href":"https:\/\/www.lasetatights.com\/de\/wp-json\/wp\/v2\/product\/9909","targetHints":{"allow":["GET"]}}],"collection":[{"href":"https:\/\/www.lasetatights.com\/de\/wp-json\/wp\/v2\/product"}],"about":[{"href":"https:\/\/www.lasetatights.com\/de\/wp-json\/wp\/v2\/types\/product"}],"replies":[{"embeddable":true,"href":"https:\/\/www.lasetatights.com\/de\/wp-json\/wp\/v2\/comments?post=9909"}],"wp:featuredmedia":[{"embeddable":true,"href":"https:\/\/www.lasetatights.com\/de\/wp-json\/wp\/v2\/media\/9912"}],"wp:attachment":[{"href":"https:\/\/www.lasetatights.com\/de\/wp-json\/wp\/v2\/media?parent=9909"}],"wp:term":[{"taxonomy":"product_brand","embeddable":true,"href":"https:\/\/www.lasetatights.com\/de\/wp-json\/wp\/v2\/product_brand?post=9909"},{"taxonomy":"product_cat","embeddable":true,"href":"https:\/\/www.lasetatights.com\/de\/wp-json\/wp\/v2\/product_cat?post=9909"},{"taxonomy":"product_tag","embeddable":true,"href":"https:\/\/www.lasetatights.com\/de\/wp-json\/wp\/v2\/product_tag?post=9909"}],"curies":[{"name":"wp","href":"https:\/\/api.w.org\/{rel}","templated":true}]}}