{"id":9875,"date":"2026-01-28T09:55:24","date_gmt":"2026-01-28T01:55:24","guid":{"rendered":"https:\/\/www.lasetatights.com\/?post_type=product&#038;p=9875"},"modified":"2026-01-28T14:38:56","modified_gmt":"2026-01-28T06:38:56","slug":"16690-20-denier-control-top-tights","status":"publish","type":"product","link":"https:\/\/www.lasetatights.com\/de\/product\/16690-20-denier-control-top-tights\/","title":{"rendered":"16690-20 Denier Control-top Strumpfhose"},"content":{"rendered":"","protected":false},"excerpt":{"rendered":"<p>Ultraleichtes und hautfreundliches 20-Denier-Stoff, schlankert Ihren Bauch, um die Form zu definieren, hebt und strafft den Ges\u00e4\u00df. Perfekt f\u00fcr den t\u00e4glichen Trag im Fr\u00fchjahr und Herbst, ohne Verstopfung oder Schwei\u00df zu verursachen, und passt m\u00fchelos zu R\u00f6cken oder Hosen.<\/p>","protected":false},"featured_media":9881,"comment_status":"open","ping_status":"closed","template":"","meta":[],"product_brand":[],"product_cat":[15,30],"product_tag":[],"class_list":{"0":"post-9875","1":"product","2":"type-product","3":"status-publish","4":"has-post-thumbnail","6":"product_cat-pantyhose","7":"product_cat-5-20denier-pantyhose","9":"first","10":"instock","11":"shipping-taxable","12":"purchasable","13":"product-type-variable"},"_links":{"self":[{"href":"https:\/\/www.lasetatights.com\/de\/wp-json\/wp\/v2\/product\/9875","targetHints":{"allow":["GET"]}}],"collection":[{"href":"https:\/\/www.lasetatights.com\/de\/wp-json\/wp\/v2\/product"}],"about":[{"href":"https:\/\/www.lasetatights.com\/de\/wp-json\/wp\/v2\/types\/product"}],"replies":[{"embeddable":true,"href":"https:\/\/www.lasetatights.com\/de\/wp-json\/wp\/v2\/comments?post=9875"}],"wp:featuredmedia":[{"embeddable":true,"href":"https:\/\/www.lasetatights.com\/de\/wp-json\/wp\/v2\/media\/9881"}],"wp:attachment":[{"href":"https:\/\/www.lasetatights.com\/de\/wp-json\/wp\/v2\/media?parent=9875"}],"wp:term":[{"taxonomy":"product_brand","embeddable":true,"href":"https:\/\/www.lasetatights.com\/de\/wp-json\/wp\/v2\/product_brand?post=9875"},{"taxonomy":"product_cat","embeddable":true,"href":"https:\/\/www.lasetatights.com\/de\/wp-json\/wp\/v2\/product_cat?post=9875"},{"taxonomy":"product_tag","embeddable":true,"href":"https:\/\/www.lasetatights.com\/de\/wp-json\/wp\/v2\/product_tag?post=9875"}],"curies":[{"name":"wp","href":"https:\/\/api.w.org\/{rel}","templated":true}]}}