{"id":9849,"date":"2026-01-27T19:04:01","date_gmt":"2026-01-27T11:04:01","guid":{"rendered":"https:\/\/www.lasetatights.com\/?post_type=product&#038;p=9849"},"modified":"2026-01-27T19:11:37","modified_gmt":"2026-01-27T11:11:37","slug":"16518-15d-oil-shiny-pantyhose","status":"publish","type":"product","link":"https:\/\/www.lasetatights.com\/de\/product\/16518-15d-oil-shiny-pantyhose\/","title":{"rendered":"16518- 15D \u00d6l gl\u00e4nzende Strumpfhose"},"content":{"rendered":"","protected":false},"excerpt":{"rendered":"<p>Es hat einen besonderen Glanz, der einen zarten und sinnlichen Glanz unter Licht reflektiert, der einen hochwertigeren und ansprechenderen visuellen Effekt pr\u00e4sentiert. Es eignet sich f\u00fcr verschiedene Anl\u00e4sse wie Termine, Partys, Modeshoots, B\u00fchnenprodukte und so weiter.<\/p>","protected":false},"featured_media":9857,"comment_status":"open","ping_status":"closed","template":"","meta":[],"product_brand":[],"product_cat":[15,38],"product_tag":[],"class_list":{"0":"post-9849","1":"product","2":"type-product","3":"status-publish","4":"has-post-thumbnail","6":"product_cat-pantyhose","7":"product_cat-glossy-tights","9":"first","10":"instock","11":"shipping-taxable","12":"purchasable","13":"product-type-variable"},"_links":{"self":[{"href":"https:\/\/www.lasetatights.com\/de\/wp-json\/wp\/v2\/product\/9849","targetHints":{"allow":["GET"]}}],"collection":[{"href":"https:\/\/www.lasetatights.com\/de\/wp-json\/wp\/v2\/product"}],"about":[{"href":"https:\/\/www.lasetatights.com\/de\/wp-json\/wp\/v2\/types\/product"}],"replies":[{"embeddable":true,"href":"https:\/\/www.lasetatights.com\/de\/wp-json\/wp\/v2\/comments?post=9849"}],"wp:featuredmedia":[{"embeddable":true,"href":"https:\/\/www.lasetatights.com\/de\/wp-json\/wp\/v2\/media\/9857"}],"wp:attachment":[{"href":"https:\/\/www.lasetatights.com\/de\/wp-json\/wp\/v2\/media?parent=9849"}],"wp:term":[{"taxonomy":"product_brand","embeddable":true,"href":"https:\/\/www.lasetatights.com\/de\/wp-json\/wp\/v2\/product_brand?post=9849"},{"taxonomy":"product_cat","embeddable":true,"href":"https:\/\/www.lasetatights.com\/de\/wp-json\/wp\/v2\/product_cat?post=9849"},{"taxonomy":"product_tag","embeddable":true,"href":"https:\/\/www.lasetatights.com\/de\/wp-json\/wp\/v2\/product_tag?post=9849"}],"curies":[{"name":"wp","href":"https:\/\/api.w.org\/{rel}","templated":true}]}}