{"id":9829,"date":"2026-01-27T18:44:32","date_gmt":"2026-01-27T10:44:32","guid":{"rendered":"https:\/\/www.lasetatights.com\/?post_type=product&#038;p=9829"},"modified":"2026-01-27T18:50:58","modified_gmt":"2026-01-27T10:50:58","slug":"56125-40d-children-ballet-dance-tights","status":"publish","type":"product","link":"https:\/\/www.lasetatights.com\/de\/product\/56125-40d-children-ballet-dance-tights\/","title":{"rendered":"56125-40D Kinder Ballett Tanz Strumpfhose"},"content":{"rendered":"","protected":false},"excerpt":{"rendered":"<p>Speziell f\u00fcr T\u00e4nzer, Yoga-Praktizierende, Fitness-Enthusiasten und Modebewusste, die ultimativen Tragekomfort und professionelle Funktionalit\u00e4t suchen, kombiniert es pr\u00e4zise Kompressionsunterst\u00fctzung, unbegrenzte Bewegungsfreiheit und professionelle \u00c4sthetik, was es zu einer idealen Wahl f\u00fcr Training, Performances und t\u00e4gliches Formgebung macht.<\/p>","protected":false},"featured_media":9843,"comment_status":"open","ping_status":"closed","template":"","meta":[],"product_brand":[],"product_cat":[15,47],"product_tag":[],"class_list":{"0":"post-9829","1":"product","2":"type-product","3":"status-publish","4":"has-post-thumbnail","6":"product_cat-pantyhose","7":"product_cat-dance-tights","9":"first","10":"instock","11":"shipping-taxable","12":"purchasable","13":"product-type-variable"},"_links":{"self":[{"href":"https:\/\/www.lasetatights.com\/de\/wp-json\/wp\/v2\/product\/9829","targetHints":{"allow":["GET"]}}],"collection":[{"href":"https:\/\/www.lasetatights.com\/de\/wp-json\/wp\/v2\/product"}],"about":[{"href":"https:\/\/www.lasetatights.com\/de\/wp-json\/wp\/v2\/types\/product"}],"replies":[{"embeddable":true,"href":"https:\/\/www.lasetatights.com\/de\/wp-json\/wp\/v2\/comments?post=9829"}],"wp:featuredmedia":[{"embeddable":true,"href":"https:\/\/www.lasetatights.com\/de\/wp-json\/wp\/v2\/media\/9843"}],"wp:attachment":[{"href":"https:\/\/www.lasetatights.com\/de\/wp-json\/wp\/v2\/media?parent=9829"}],"wp:term":[{"taxonomy":"product_brand","embeddable":true,"href":"https:\/\/www.lasetatights.com\/de\/wp-json\/wp\/v2\/product_brand?post=9829"},{"taxonomy":"product_cat","embeddable":true,"href":"https:\/\/www.lasetatights.com\/de\/wp-json\/wp\/v2\/product_cat?post=9829"},{"taxonomy":"product_tag","embeddable":true,"href":"https:\/\/www.lasetatights.com\/de\/wp-json\/wp\/v2\/product_tag?post=9829"}],"curies":[{"name":"wp","href":"https:\/\/api.w.org\/{rel}","templated":true}]}}