{"id":9790,"date":"2026-01-27T18:43:35","date_gmt":"2026-01-27T10:43:35","guid":{"rendered":"https:\/\/www.lasetatights.com\/?post_type=product&#038;p=9790"},"modified":"2026-01-28T18:59:15","modified_gmt":"2026-01-28T10:59:15","slug":"46183-faux-thigh-high-and-mock-over-the-knee-pantyhose","status":"publish","type":"product","link":"https:\/\/www.lasetatights.com\/de\/product\/46183-faux-thigh-high-and-mock-over-the-knee-pantyhose\/","title":{"rendered":"46183-Faux Oberschenkelhoch und Mock Over the Knie Strumpfhose"},"content":{"rendered":"","protected":false},"excerpt":{"rendered":"<p>Dies ist ein au\u00dfergew\u00f6hnlich durchdachtes und genial entworfenes erh\u00f6htes St\u00fcck, perfekt f\u00fcr Frauen, die mehr als nur einfache Solidfarben suchen, den ultimativen Abnehmen- und Gleicheffekt w\u00fcnschen und understated aber stilvolle Details sch\u00e4tzen.<\/p>","protected":false},"featured_media":9793,"comment_status":"open","ping_status":"closed","template":"","meta":[],"product_brand":[],"product_cat":[15,49],"product_tag":[],"class_list":{"0":"post-9790","1":"product","2":"type-product","3":"status-publish","4":"has-post-thumbnail","6":"product_cat-pantyhose","7":"product_cat-party-tights","9":"first","10":"instock","11":"shipping-taxable","12":"purchasable","13":"product-type-variable"},"_links":{"self":[{"href":"https:\/\/www.lasetatights.com\/de\/wp-json\/wp\/v2\/product\/9790","targetHints":{"allow":["GET"]}}],"collection":[{"href":"https:\/\/www.lasetatights.com\/de\/wp-json\/wp\/v2\/product"}],"about":[{"href":"https:\/\/www.lasetatights.com\/de\/wp-json\/wp\/v2\/types\/product"}],"replies":[{"embeddable":true,"href":"https:\/\/www.lasetatights.com\/de\/wp-json\/wp\/v2\/comments?post=9790"}],"wp:featuredmedia":[{"embeddable":true,"href":"https:\/\/www.lasetatights.com\/de\/wp-json\/wp\/v2\/media\/9793"}],"wp:attachment":[{"href":"https:\/\/www.lasetatights.com\/de\/wp-json\/wp\/v2\/media?parent=9790"}],"wp:term":[{"taxonomy":"product_brand","embeddable":true,"href":"https:\/\/www.lasetatights.com\/de\/wp-json\/wp\/v2\/product_brand?post=9790"},{"taxonomy":"product_cat","embeddable":true,"href":"https:\/\/www.lasetatights.com\/de\/wp-json\/wp\/v2\/product_cat?post=9790"},{"taxonomy":"product_tag","embeddable":true,"href":"https:\/\/www.lasetatights.com\/de\/wp-json\/wp\/v2\/product_tag?post=9790"}],"curies":[{"name":"wp","href":"https:\/\/api.w.org\/{rel}","templated":true}]}}