{"id":9755,"date":"2026-01-27T18:24:28","date_gmt":"2026-01-27T10:24:28","guid":{"rendered":"https:\/\/www.lasetatights.com\/?post_type=product&#038;p=9755"},"modified":"2026-01-28T18:57:33","modified_gmt":"2026-01-28T10:57:33","slug":"16412-20d-plus-size-soft-nylon-sheer-tights","status":"publish","type":"product","link":"https:\/\/www.lasetatights.com\/de\/product\/16412-20d-plus-size-soft-nylon-sheer-tights\/","title":{"rendered":"16412-20D Plus-Size weiche Nylon Sheer Strumpfhose"},"content":{"rendered":"","protected":false},"excerpt":{"rendered":"<p>Diese 20D Plus-Size-Nylon-Strumpfhose entspricht einer Vielzahl von K\u00f6rperformen, bietet ein leichtes und hautfreundliches Trageerlebnis f\u00fcr den t\u00e4glichen Gebrauch und dient als ideale Wahl f\u00fcr vielseitige Innenbekleidung.<\/p>","protected":false},"featured_media":9757,"comment_status":"open","ping_status":"closed","template":"","meta":[],"product_brand":[],"product_cat":[15,30],"product_tag":[],"class_list":{"0":"post-9755","1":"product","2":"type-product","3":"status-publish","4":"has-post-thumbnail","6":"product_cat-pantyhose","7":"product_cat-5-20denier-pantyhose","9":"first","10":"instock","11":"shipping-taxable","12":"purchasable","13":"product-type-variable"},"_links":{"self":[{"href":"https:\/\/www.lasetatights.com\/de\/wp-json\/wp\/v2\/product\/9755","targetHints":{"allow":["GET"]}}],"collection":[{"href":"https:\/\/www.lasetatights.com\/de\/wp-json\/wp\/v2\/product"}],"about":[{"href":"https:\/\/www.lasetatights.com\/de\/wp-json\/wp\/v2\/types\/product"}],"replies":[{"embeddable":true,"href":"https:\/\/www.lasetatights.com\/de\/wp-json\/wp\/v2\/comments?post=9755"}],"wp:featuredmedia":[{"embeddable":true,"href":"https:\/\/www.lasetatights.com\/de\/wp-json\/wp\/v2\/media\/9757"}],"wp:attachment":[{"href":"https:\/\/www.lasetatights.com\/de\/wp-json\/wp\/v2\/media?parent=9755"}],"wp:term":[{"taxonomy":"product_brand","embeddable":true,"href":"https:\/\/www.lasetatights.com\/de\/wp-json\/wp\/v2\/product_brand?post=9755"},{"taxonomy":"product_cat","embeddable":true,"href":"https:\/\/www.lasetatights.com\/de\/wp-json\/wp\/v2\/product_cat?post=9755"},{"taxonomy":"product_tag","embeddable":true,"href":"https:\/\/www.lasetatights.com\/de\/wp-json\/wp\/v2\/product_tag?post=9755"}],"curies":[{"name":"wp","href":"https:\/\/api.w.org\/{rel}","templated":true}]}}