{"id":9717,"date":"2026-01-27T17:44:43","date_gmt":"2026-01-27T09:44:43","guid":{"rendered":"https:\/\/www.lasetatights.com\/?post_type=product&#038;p=9717"},"modified":"2026-01-28T18:57:51","modified_gmt":"2026-01-28T10:57:51","slug":"16408-20-denier-womens-shaping-sheer-tights","status":"publish","type":"product","link":"https:\/\/www.lasetatights.com\/de\/product\/16408-20-denier-womens-shaping-sheer-tights\/","title":{"rendered":"16408- 20 Denier Frauen&#8217; s Shaping Sheer Strumpfhose"},"content":{"rendered":"","protected":false},"excerpt":{"rendered":"<p>Die 20D Str\u00fcmpfe erzielen einen subtilen haut\u00e4hnlichen Glanz und einen nahezu nackten visuellen Effekt, perfekt f\u00fcr Frauen, die einen nat\u00fcrlichen, nackten Look suchen, Komfort priorisieren, t\u00e4gliche Beinkonturen w\u00fcnschen, ohne zu stylisch zu erscheinen, und minimale Anforderungen an Dicke und W\u00e4rme haben.<\/p>","protected":false},"featured_media":9724,"comment_status":"open","ping_status":"closed","template":"","meta":[],"product_brand":[],"product_cat":[15,30],"product_tag":[],"class_list":{"0":"post-9717","1":"product","2":"type-product","3":"status-publish","4":"has-post-thumbnail","6":"product_cat-pantyhose","7":"product_cat-5-20denier-pantyhose","9":"first","10":"instock","11":"shipping-taxable","12":"purchasable","13":"product-type-variable"},"_links":{"self":[{"href":"https:\/\/www.lasetatights.com\/de\/wp-json\/wp\/v2\/product\/9717","targetHints":{"allow":["GET"]}}],"collection":[{"href":"https:\/\/www.lasetatights.com\/de\/wp-json\/wp\/v2\/product"}],"about":[{"href":"https:\/\/www.lasetatights.com\/de\/wp-json\/wp\/v2\/types\/product"}],"replies":[{"embeddable":true,"href":"https:\/\/www.lasetatights.com\/de\/wp-json\/wp\/v2\/comments?post=9717"}],"wp:featuredmedia":[{"embeddable":true,"href":"https:\/\/www.lasetatights.com\/de\/wp-json\/wp\/v2\/media\/9724"}],"wp:attachment":[{"href":"https:\/\/www.lasetatights.com\/de\/wp-json\/wp\/v2\/media?parent=9717"}],"wp:term":[{"taxonomy":"product_brand","embeddable":true,"href":"https:\/\/www.lasetatights.com\/de\/wp-json\/wp\/v2\/product_brand?post=9717"},{"taxonomy":"product_cat","embeddable":true,"href":"https:\/\/www.lasetatights.com\/de\/wp-json\/wp\/v2\/product_cat?post=9717"},{"taxonomy":"product_tag","embeddable":true,"href":"https:\/\/www.lasetatights.com\/de\/wp-json\/wp\/v2\/product_tag?post=9717"}],"curies":[{"name":"wp","href":"https:\/\/api.w.org\/{rel}","templated":true}]}}