{"id":9698,"date":"2026-01-27T16:57:17","date_gmt":"2026-01-27T08:57:17","guid":{"rendered":"https:\/\/www.lasetatights.com\/?post_type=product&#038;p=9698"},"modified":"2026-01-27T17:02:35","modified_gmt":"2026-01-27T09:02:35","slug":"16170-15d-shimmer-sheer-tights","status":"publish","type":"product","link":"https:\/\/www.lasetatights.com\/de\/product\/16170-15d-shimmer-sheer-tights\/","title":{"rendered":"16170-15D Schimmer Sheer Strumpfhose"},"content":{"rendered":"","protected":false},"excerpt":{"rendered":"<p>Nicht nur ein thermisches Kleidungsst\u00fcck, sondern speziell f\u00fcr anspruchsvolle Frauen konzipiert, die das nat\u00fcrlichste Make-up-Finish verlangen, Komfort priorisieren und es in erster Linie in klimatgesteuerten Indoor-Umgebungen tragen - wie wichtige Meetings, Termine, Abendessen und Fotoshootings.<\/p>","protected":false},"featured_media":9713,"comment_status":"open","ping_status":"closed","template":"","meta":[],"product_brand":[],"product_cat":[15,30],"product_tag":[],"class_list":{"0":"post-9698","1":"product","2":"type-product","3":"status-publish","4":"has-post-thumbnail","6":"product_cat-pantyhose","7":"product_cat-5-20denier-pantyhose","9":"first","10":"instock","11":"shipping-taxable","12":"purchasable","13":"product-type-variable"},"_links":{"self":[{"href":"https:\/\/www.lasetatights.com\/de\/wp-json\/wp\/v2\/product\/9698","targetHints":{"allow":["GET"]}}],"collection":[{"href":"https:\/\/www.lasetatights.com\/de\/wp-json\/wp\/v2\/product"}],"about":[{"href":"https:\/\/www.lasetatights.com\/de\/wp-json\/wp\/v2\/types\/product"}],"replies":[{"embeddable":true,"href":"https:\/\/www.lasetatights.com\/de\/wp-json\/wp\/v2\/comments?post=9698"}],"wp:featuredmedia":[{"embeddable":true,"href":"https:\/\/www.lasetatights.com\/de\/wp-json\/wp\/v2\/media\/9713"}],"wp:attachment":[{"href":"https:\/\/www.lasetatights.com\/de\/wp-json\/wp\/v2\/media?parent=9698"}],"wp:term":[{"taxonomy":"product_brand","embeddable":true,"href":"https:\/\/www.lasetatights.com\/de\/wp-json\/wp\/v2\/product_brand?post=9698"},{"taxonomy":"product_cat","embeddable":true,"href":"https:\/\/www.lasetatights.com\/de\/wp-json\/wp\/v2\/product_cat?post=9698"},{"taxonomy":"product_tag","embeddable":true,"href":"https:\/\/www.lasetatights.com\/de\/wp-json\/wp\/v2\/product_tag?post=9698"}],"curies":[{"name":"wp","href":"https:\/\/api.w.org\/{rel}","templated":true}]}}