{"id":9679,"date":"2026-01-27T16:25:45","date_gmt":"2026-01-27T08:25:45","guid":{"rendered":"https:\/\/www.lasetatights.com\/?post_type=product&#038;p=9679"},"modified":"2026-01-29T09:43:55","modified_gmt":"2026-01-29T01:43:55","slug":"16039-10d-ultra-thin-t-crotch-sheer-tights","status":"publish","type":"product","link":"https:\/\/www.lasetatights.com\/de\/product\/16039-10d-ultra-thin-t-crotch-sheer-tights\/","title":{"rendered":"16039- 10D Ultrad\u00fcnne T-Crotch Sheer Strumpfhose"},"content":{"rendered":"","protected":false},"excerpt":{"rendered":"<p>Die 10D Core-gesponnene Seidenstrumpfhose bietet ein ultimatives nacktes Trageerlebnis. Sein Stringgusset-Design eliminiert Stoffb\u00fcndelungen im Zwischenbereich und sorgt f\u00fcr eine ausgezeichnete Atmungsaktivit\u00e4t, was ihn ideal f\u00fcr professionelle Einstellungen wie gesch\u00e4ftliche formelle Anl\u00e4sse und Etikettenpf\u00e4nge macht, bei denen ein poliertes Bild erforderlich ist.<\/p>","protected":false},"featured_media":9688,"comment_status":"open","ping_status":"closed","template":"","meta":[],"product_brand":[],"product_cat":[15,30],"product_tag":[],"class_list":{"0":"post-9679","1":"product","2":"type-product","3":"status-publish","4":"has-post-thumbnail","6":"product_cat-pantyhose","7":"product_cat-5-20denier-pantyhose","9":"first","10":"instock","11":"shipping-taxable","12":"purchasable","13":"product-type-variable"},"_links":{"self":[{"href":"https:\/\/www.lasetatights.com\/de\/wp-json\/wp\/v2\/product\/9679","targetHints":{"allow":["GET"]}}],"collection":[{"href":"https:\/\/www.lasetatights.com\/de\/wp-json\/wp\/v2\/product"}],"about":[{"href":"https:\/\/www.lasetatights.com\/de\/wp-json\/wp\/v2\/types\/product"}],"replies":[{"embeddable":true,"href":"https:\/\/www.lasetatights.com\/de\/wp-json\/wp\/v2\/comments?post=9679"}],"wp:featuredmedia":[{"embeddable":true,"href":"https:\/\/www.lasetatights.com\/de\/wp-json\/wp\/v2\/media\/9688"}],"wp:attachment":[{"href":"https:\/\/www.lasetatights.com\/de\/wp-json\/wp\/v2\/media?parent=9679"}],"wp:term":[{"taxonomy":"product_brand","embeddable":true,"href":"https:\/\/www.lasetatights.com\/de\/wp-json\/wp\/v2\/product_brand?post=9679"},{"taxonomy":"product_cat","embeddable":true,"href":"https:\/\/www.lasetatights.com\/de\/wp-json\/wp\/v2\/product_cat?post=9679"},{"taxonomy":"product_tag","embeddable":true,"href":"https:\/\/www.lasetatights.com\/de\/wp-json\/wp\/v2\/product_tag?post=9679"}],"curies":[{"name":"wp","href":"https:\/\/api.w.org\/{rel}","templated":true}]}}