{"id":9672,"date":"2026-01-27T15:59:36","date_gmt":"2026-01-27T07:59:36","guid":{"rendered":"https:\/\/www.lasetatights.com\/?post_type=product&#038;p=9672"},"modified":"2026-01-27T17:09:05","modified_gmt":"2026-01-27T09:09:05","slug":"20d-back-seam-lace-stay-ups","status":"publish","type":"product","link":"https:\/\/www.lasetatights.com\/de\/product\/20d-back-seam-lace-stay-ups\/","title":{"rendered":"20D R\u00fccknaht Spitze Stay Ups"},"content":{"rendered":"","protected":false},"excerpt":{"rendered":"<p>Die Sockenmanschette verf\u00fcgt \u00fcber ein offenes Spitzendesign, das einem eleganten \"Tattoo\" oder -trim \u00e4hnelt, das Raffinesse vor \u00dcberschuss betont. Doppelte vertikale Linien entlang der R\u00fcckseite des Beins verl\u00e4ngern die Silhouette und machen sie perfekt f\u00fcr Termine, t\u00e4gliche Pendelreisen und andere Anl\u00e4sse.<\/p>","protected":false},"featured_media":9673,"comment_status":"open","ping_status":"closed","template":"","meta":[],"product_brand":[],"product_cat":[50,21],"product_tag":[],"class_list":{"0":"post-9672","1":"product","2":"type-product","3":"status-publish","4":"has-post-thumbnail","6":"product_cat-lace-top-stay-ups","7":"product_cat-stay-ups","9":"first","10":"instock","11":"shipping-taxable","12":"purchasable","13":"product-type-variable"},"_links":{"self":[{"href":"https:\/\/www.lasetatights.com\/de\/wp-json\/wp\/v2\/product\/9672","targetHints":{"allow":["GET"]}}],"collection":[{"href":"https:\/\/www.lasetatights.com\/de\/wp-json\/wp\/v2\/product"}],"about":[{"href":"https:\/\/www.lasetatights.com\/de\/wp-json\/wp\/v2\/types\/product"}],"replies":[{"embeddable":true,"href":"https:\/\/www.lasetatights.com\/de\/wp-json\/wp\/v2\/comments?post=9672"}],"wp:featuredmedia":[{"embeddable":true,"href":"https:\/\/www.lasetatights.com\/de\/wp-json\/wp\/v2\/media\/9673"}],"wp:attachment":[{"href":"https:\/\/www.lasetatights.com\/de\/wp-json\/wp\/v2\/media?parent=9672"}],"wp:term":[{"taxonomy":"product_brand","embeddable":true,"href":"https:\/\/www.lasetatights.com\/de\/wp-json\/wp\/v2\/product_brand?post=9672"},{"taxonomy":"product_cat","embeddable":true,"href":"https:\/\/www.lasetatights.com\/de\/wp-json\/wp\/v2\/product_cat?post=9672"},{"taxonomy":"product_tag","embeddable":true,"href":"https:\/\/www.lasetatights.com\/de\/wp-json\/wp\/v2\/product_tag?post=9672"}],"curies":[{"name":"wp","href":"https:\/\/api.w.org\/{rel}","templated":true}]}}