{"id":10262,"date":"2026-04-09T10:28:57","date_gmt":"2026-04-09T02:28:57","guid":{"rendered":"https:\/\/www.lasetatights.com\/?post_type=product&#038;p=10262"},"modified":"2026-04-15T09:37:04","modified_gmt":"2026-04-15T01:37:04","slug":"30d-heart-print-knee-high-pantyhose","status":"publish","type":"product","link":"https:\/\/www.lasetatights.com\/de\/product\/30d-heart-print-knee-high-pantyhose\/","title":{"rendered":"30D Herzdruck Kniehohe Strumpfhose"},"content":{"rendered":"","protected":false},"excerpt":{"rendered":"<p>Mit einem zarten Herzdruck und einem schieren bis opaken faux-Oberschenkelhoch Design sind diese 30D Strumpfhosen die perfekte Mischung aus s\u00fc\u00df und kantig. Ob Sie&#8217; Ihre innere &#8216; weiches M\u00e4dchen&#8217; oder einen verspielten Touch zu einem Nachtoutfit hinzuf\u00fcgen, bleiben diese Strumpfhosen perfekt an Ort und Stelle, w\u00e4hrend Sie die K\u00f6pfe drehen. &#8221;<\/p>","protected":false},"featured_media":10264,"comment_status":"closed","ping_status":"closed","template":"","meta":[],"product_brand":[],"product_cat":[15,40],"product_tag":[],"class_list":{"0":"post-10262","1":"product","2":"type-product","3":"status-publish","4":"has-post-thumbnail","6":"product_cat-pantyhose","7":"product_cat-patterned-tights","9":"first","10":"instock","11":"shipping-taxable","12":"purchasable","13":"product-type-variable"},"_links":{"self":[{"href":"https:\/\/www.lasetatights.com\/de\/wp-json\/wp\/v2\/product\/10262","targetHints":{"allow":["GET"]}}],"collection":[{"href":"https:\/\/www.lasetatights.com\/de\/wp-json\/wp\/v2\/product"}],"about":[{"href":"https:\/\/www.lasetatights.com\/de\/wp-json\/wp\/v2\/types\/product"}],"replies":[{"embeddable":true,"href":"https:\/\/www.lasetatights.com\/de\/wp-json\/wp\/v2\/comments?post=10262"}],"wp:featuredmedia":[{"embeddable":true,"href":"https:\/\/www.lasetatights.com\/de\/wp-json\/wp\/v2\/media\/10264"}],"wp:attachment":[{"href":"https:\/\/www.lasetatights.com\/de\/wp-json\/wp\/v2\/media?parent=10262"}],"wp:term":[{"taxonomy":"product_brand","embeddable":true,"href":"https:\/\/www.lasetatights.com\/de\/wp-json\/wp\/v2\/product_brand?post=10262"},{"taxonomy":"product_cat","embeddable":true,"href":"https:\/\/www.lasetatights.com\/de\/wp-json\/wp\/v2\/product_cat?post=10262"},{"taxonomy":"product_tag","embeddable":true,"href":"https:\/\/www.lasetatights.com\/de\/wp-json\/wp\/v2\/product_tag?post=10262"}],"curies":[{"name":"wp","href":"https:\/\/api.w.org\/{rel}","templated":true}]}}