{"id":10182,"date":"2026-04-03T11:29:29","date_gmt":"2026-04-03T03:29:29","guid":{"rendered":"https:\/\/www.lasetatights.com\/?post_type=product&#038;p=10182"},"modified":"2026-04-15T09:39:57","modified_gmt":"2026-04-15T01:39:57","slug":"40d-plus-size-hip-control-micro-pressure-sheer-tights","status":"publish","type":"product","link":"https:\/\/www.lasetatights.com\/de\/product\/40d-plus-size-hip-control-micro-pressure-sheer-tights\/","title":{"rendered":"40D Plus Gr\u00f6\u00dfe H\u00fcfte Control Mikrodruck Sheer Strumpfhose"},"content":{"rendered":"","protected":false},"excerpt":{"rendered":"<p>Die 40D Denier Dicke trifft das perfekte Gleichgewicht zwischen schier und undurchsichtig, effektiv Unvollkommenheiten an den Beinen zu verbergen, w\u00e4hrend die Str\u00fcmpfe&#8217; sinnlicher, reiner Look, der einen nat\u00fcrlichen, anspruchsvollen Airbrushed-Effekt schafft. F\u00fcr gr\u00f6\u00dfere Tr\u00e4ger ist die Bauchkontrolle ein Muss-Feature; Das breite, hohe Taillendesign sorgt f\u00fcr eine moderate Kompression, um die Bauchkonturen zu gl\u00e4tten.<\/p>","protected":false},"featured_media":10183,"comment_status":"closed","ping_status":"closed","template":"","meta":[],"product_brand":[],"product_cat":[15,31,36],"product_tag":[],"class_list":{"0":"post-10182","1":"product","2":"type-product","3":"status-publish","4":"has-post-thumbnail","6":"product_cat-pantyhose","7":"product_cat-30-40denier-pantyhose","8":"product_cat-control-top-tights","10":"first","11":"instock","12":"shipping-taxable","13":"purchasable","14":"product-type-variable"},"_links":{"self":[{"href":"https:\/\/www.lasetatights.com\/de\/wp-json\/wp\/v2\/product\/10182","targetHints":{"allow":["GET"]}}],"collection":[{"href":"https:\/\/www.lasetatights.com\/de\/wp-json\/wp\/v2\/product"}],"about":[{"href":"https:\/\/www.lasetatights.com\/de\/wp-json\/wp\/v2\/types\/product"}],"replies":[{"embeddable":true,"href":"https:\/\/www.lasetatights.com\/de\/wp-json\/wp\/v2\/comments?post=10182"}],"wp:featuredmedia":[{"embeddable":true,"href":"https:\/\/www.lasetatights.com\/de\/wp-json\/wp\/v2\/media\/10183"}],"wp:attachment":[{"href":"https:\/\/www.lasetatights.com\/de\/wp-json\/wp\/v2\/media?parent=10182"}],"wp:term":[{"taxonomy":"product_brand","embeddable":true,"href":"https:\/\/www.lasetatights.com\/de\/wp-json\/wp\/v2\/product_brand?post=10182"},{"taxonomy":"product_cat","embeddable":true,"href":"https:\/\/www.lasetatights.com\/de\/wp-json\/wp\/v2\/product_cat?post=10182"},{"taxonomy":"product_tag","embeddable":true,"href":"https:\/\/www.lasetatights.com\/de\/wp-json\/wp\/v2\/product_tag?post=10182"}],"curies":[{"name":"wp","href":"https:\/\/api.w.org\/{rel}","templated":true}]}}