{"id":10146,"date":"2026-04-07T16:28:18","date_gmt":"2026-04-07T08:28:18","guid":{"rendered":"https:\/\/www.lasetatights.com\/?post_type=product&#038;p=10146"},"modified":"2026-04-15T09:39:02","modified_gmt":"2026-04-15T01:39:02","slug":"70d-opaque-tummy-control-footless-tights","status":"publish","type":"product","link":"https:\/\/www.lasetatights.com\/de\/product\/70d-opaque-tummy-control-footless-tights\/","title":{"rendered":"70D Opaque Bauch-Control Fu\u00dflose Strumpfhose"},"content":{"rendered":"","protected":false},"excerpt":{"rendered":"<p>Dieses Paar von 70D Bauch-Control Samt Fu\u00dflose Strumpfhose bietet die perfekte Mischung aus Komfort, Shaping-Effekt und Stil. Durch die Integration von erstklassiger Stofftechnologie und dreidimensionaler Schneider-Handwerkskunst ist es die ideale Wahl f\u00fcr den t\u00e4glichen Pendel, Freizeitaktivit\u00e4ten oder Heimkleidung.<\/p>\n<p>&nbsp;<\/p>","protected":false},"featured_media":10148,"comment_status":"closed","ping_status":"closed","template":"","meta":[],"product_brand":[],"product_cat":[36,23],"product_tag":[],"class_list":{"0":"post-10146","1":"product","2":"type-product","3":"status-publish","4":"has-post-thumbnail","6":"product_cat-control-top-tights","7":"product_cat-leggings","9":"first","10":"instock","11":"shipping-taxable","12":"purchasable","13":"product-type-variable"},"_links":{"self":[{"href":"https:\/\/www.lasetatights.com\/de\/wp-json\/wp\/v2\/product\/10146","targetHints":{"allow":["GET"]}}],"collection":[{"href":"https:\/\/www.lasetatights.com\/de\/wp-json\/wp\/v2\/product"}],"about":[{"href":"https:\/\/www.lasetatights.com\/de\/wp-json\/wp\/v2\/types\/product"}],"replies":[{"embeddable":true,"href":"https:\/\/www.lasetatights.com\/de\/wp-json\/wp\/v2\/comments?post=10146"}],"wp:featuredmedia":[{"embeddable":true,"href":"https:\/\/www.lasetatights.com\/de\/wp-json\/wp\/v2\/media\/10148"}],"wp:attachment":[{"href":"https:\/\/www.lasetatights.com\/de\/wp-json\/wp\/v2\/media?parent=10146"}],"wp:term":[{"taxonomy":"product_brand","embeddable":true,"href":"https:\/\/www.lasetatights.com\/de\/wp-json\/wp\/v2\/product_brand?post=10146"},{"taxonomy":"product_cat","embeddable":true,"href":"https:\/\/www.lasetatights.com\/de\/wp-json\/wp\/v2\/product_cat?post=10146"},{"taxonomy":"product_tag","embeddable":true,"href":"https:\/\/www.lasetatights.com\/de\/wp-json\/wp\/v2\/product_tag?post=10146"}],"curies":[{"name":"wp","href":"https:\/\/api.w.org\/{rel}","templated":true}]}}